{"id":7,"date":"2020-05-02T20:03:44","date_gmt":"2020-05-02T18:03:44","guid":{"rendered":"http:\/\/www.lestroisclaviers.com\/atelier\/?page_id=7"},"modified":"2022-10-16T18:50:03","modified_gmt":"2022-10-16T16:50:03","slug":"latelier","status":"publish","type":"page","link":"https:\/\/www.lestroisclaviers.com\/atelier\/index.php\/latelier\/","title":{"rendered":"L&rsquo;atelier"},"content":{"rendered":"\n<div style=\"height:20px\" aria-hidden=\"true\" class=\"wp-block-spacer\"><\/div>\n\n\n\n<figure class=\"wp-block-gallery columns-4 is-cropped wp-block-gallery-1 is-layout-flex wp-block-gallery-is-layout-flex\"><ul class=\"blocks-gallery-grid\"><li class=\"blocks-gallery-item\"><figure><a href=\"https:\/\/www.lestroisclaviers.com\/atelier\/wp-content\/uploads\/2020\/05\/DSC_0008-web.jpg\" class=\"link-to-image js-link-to-image\"><img loading=\"lazy\" decoding=\"async\" width=\"1024\" height=\"682\" src=\"https:\/\/www.lestroisclaviers.com\/atelier\/wp-content\/uploads\/2020\/05\/DSC_0008-web-1024x682.jpg\" alt=\"\" data-id=\"154\" data-full-url=\"https:\/\/www.lestroisclaviers.com\/atelier\/wp-content\/uploads\/2020\/05\/DSC_0008-web.jpg\" data-link=\"https:\/\/www.lestroisclaviers.com\/atelier\/dsc_0008-web\/\" class=\"wp-image-154\" srcset=\"https:\/\/www.lestroisclaviers.com\/atelier\/wp-content\/uploads\/2020\/05\/DSC_0008-web-1024x682.jpg 1024w, https:\/\/www.lestroisclaviers.com\/atelier\/wp-content\/uploads\/2020\/05\/DSC_0008-web-300x200.jpg 300w, https:\/\/www.lestroisclaviers.com\/atelier\/wp-content\/uploads\/2020\/05\/DSC_0008-web-768x512.jpg 768w, https:\/\/www.lestroisclaviers.com\/atelier\/wp-content\/uploads\/2020\/05\/DSC_0008-web-1536x1024.jpg 1536w, https:\/\/www.lestroisclaviers.com\/atelier\/wp-content\/uploads\/2020\/05\/DSC_0008-web.jpg 2000w\" sizes=\"auto, (max-width: 1024px) 100vw, 1024px\" \/><\/a><\/figure><\/li><li class=\"blocks-gallery-item\"><figure><a href=\"https:\/\/www.lestroisclaviers.com\/atelier\/wp-content\/uploads\/2020\/05\/DSC_0007-web.jpg\" class=\"link-to-image js-link-to-image\"><img loading=\"lazy\" decoding=\"async\" width=\"1024\" height=\"682\" src=\"https:\/\/www.lestroisclaviers.com\/atelier\/wp-content\/uploads\/2020\/05\/DSC_0007-web-1024x682.jpg\" alt=\"\" data-id=\"153\" data-full-url=\"https:\/\/www.lestroisclaviers.com\/atelier\/wp-content\/uploads\/2020\/05\/DSC_0007-web.jpg\" data-link=\"https:\/\/www.lestroisclaviers.com\/atelier\/dsc_0007-web\/\" class=\"wp-image-153\" srcset=\"https:\/\/www.lestroisclaviers.com\/atelier\/wp-content\/uploads\/2020\/05\/DSC_0007-web-1024x682.jpg 1024w, https:\/\/www.lestroisclaviers.com\/atelier\/wp-content\/uploads\/2020\/05\/DSC_0007-web-300x200.jpg 300w, https:\/\/www.lestroisclaviers.com\/atelier\/wp-content\/uploads\/2020\/05\/DSC_0007-web-768x512.jpg 768w, https:\/\/www.lestroisclaviers.com\/atelier\/wp-content\/uploads\/2020\/05\/DSC_0007-web-1536x1024.jpg 1536w, https:\/\/www.lestroisclaviers.com\/atelier\/wp-content\/uploads\/2020\/05\/DSC_0007-web.jpg 2000w\" sizes=\"auto, (max-width: 1024px) 100vw, 1024px\" \/><\/a><\/figure><\/li><li class=\"blocks-gallery-item\"><figure><a href=\"https:\/\/www.lestroisclaviers.com\/atelier\/wp-content\/uploads\/2020\/05\/DSC_0005-web.jpg\" class=\"link-to-image js-link-to-image\"><img loading=\"lazy\" decoding=\"async\" width=\"1024\" height=\"682\" src=\"https:\/\/www.lestroisclaviers.com\/atelier\/wp-content\/uploads\/2020\/05\/DSC_0005-web-1024x682.jpg\" alt=\"\" data-id=\"152\" data-full-url=\"https:\/\/www.lestroisclaviers.com\/atelier\/wp-content\/uploads\/2020\/05\/DSC_0005-web.jpg\" data-link=\"https:\/\/www.lestroisclaviers.com\/atelier\/dsc_0005-web\/\" class=\"wp-image-152\" srcset=\"https:\/\/www.lestroisclaviers.com\/atelier\/wp-content\/uploads\/2020\/05\/DSC_0005-web-1024x682.jpg 1024w, https:\/\/www.lestroisclaviers.com\/atelier\/wp-content\/uploads\/2020\/05\/DSC_0005-web-300x200.jpg 300w, https:\/\/www.lestroisclaviers.com\/atelier\/wp-content\/uploads\/2020\/05\/DSC_0005-web-768x512.jpg 768w, https:\/\/www.lestroisclaviers.com\/atelier\/wp-content\/uploads\/2020\/05\/DSC_0005-web-1536x1024.jpg 1536w, https:\/\/www.lestroisclaviers.com\/atelier\/wp-content\/uploads\/2020\/05\/DSC_0005-web.jpg 2000w\" sizes=\"auto, (max-width: 1024px) 100vw, 1024px\" \/><\/a><\/figure><\/li><li class=\"blocks-gallery-item\"><figure><a href=\"https:\/\/www.lestroisclaviers.com\/atelier\/wp-content\/uploads\/2020\/05\/DSC_0025-web.jpg\" class=\"link-to-image js-link-to-image\"><img loading=\"lazy\" decoding=\"async\" width=\"1024\" height=\"682\" src=\"https:\/\/www.lestroisclaviers.com\/atelier\/wp-content\/uploads\/2020\/05\/DSC_0025-web-1024x682.jpg\" alt=\"\" data-id=\"151\" data-full-url=\"https:\/\/www.lestroisclaviers.com\/atelier\/wp-content\/uploads\/2020\/05\/DSC_0025-web.jpg\" data-link=\"https:\/\/www.lestroisclaviers.com\/atelier\/dsc_0025-web\/\" class=\"wp-image-151\" srcset=\"https:\/\/www.lestroisclaviers.com\/atelier\/wp-content\/uploads\/2020\/05\/DSC_0025-web-1024x682.jpg 1024w, https:\/\/www.lestroisclaviers.com\/atelier\/wp-content\/uploads\/2020\/05\/DSC_0025-web-300x200.jpg 300w, https:\/\/www.lestroisclaviers.com\/atelier\/wp-content\/uploads\/2020\/05\/DSC_0025-web-768x512.jpg 768w, https:\/\/www.lestroisclaviers.com\/atelier\/wp-content\/uploads\/2020\/05\/DSC_0025-web-1536x1024.jpg 1536w, https:\/\/www.lestroisclaviers.com\/atelier\/wp-content\/uploads\/2020\/05\/DSC_0025-web.jpg 2000w\" sizes=\"auto, (max-width: 1024px) 100vw, 1024px\" \/><\/a><\/figure><\/li><\/ul><\/figure>\n\n\n\n<p>Les Trois Claviers : un atelier de restauration de pianos modernes ou anciens, sp\u00e9cialis\u00e9 Steinway &amp; Sons. Plus de cent pianos \u00e0 queue de ce facteur restaur\u00e9s dans notre atelier! D&rsquo;autres marques font partie de notre savoir-faire comme B\u00f6sendorfer, Bechstein, Fazioli. Tous les instruments sont restaur\u00e9s avec les pi\u00e8ces d&rsquo;origine, par exemple pour tous les Steinway, pour les autres facteurs cela d\u00e9pendra de l&rsquo;\u00e2ge de l&rsquo;instrument. <\/p>\n\n\n\n<p>Au service des institutions et des particuliers.<\/p>\n\n\n\n<div style=\"height:40px\" aria-hidden=\"true\" class=\"wp-block-spacer\"><\/div>\n\n\n\n<div class=\"wp-block-group is-layout-flow wp-block-group-is-layout-flow\"><div class=\"wp-block-group__inner-container\"><\/div><\/div>\n\n\n\n<div style=\"height:30px\" aria-hidden=\"true\" class=\"wp-block-spacer\"><\/div>\n\n\n\n<hr class=\"wp-block-separator is-style-dots\"\/>\n\n\n\n<div style=\"height:30px\" aria-hidden=\"true\" class=\"wp-block-spacer\"><\/div>\n\n\n\n<div class=\"wp-block-cover has-background-dim-30 has-background-dim\"><img loading=\"lazy\" decoding=\"async\" width=\"1109\" height=\"597\" class=\"wp-block-cover__image-background wp-image-119\" alt=\"\" src=\"https:\/\/www.lestroisclaviers.com\/atelier\/wp-content\/uploads\/2020\/05\/show_room-3.jpg\" style=\"object-position:34% 61%\" data-object-fit=\"cover\" data-object-position=\"34% 61%\" srcset=\"https:\/\/www.lestroisclaviers.com\/atelier\/wp-content\/uploads\/2020\/05\/show_room-3.jpg 1109w, https:\/\/www.lestroisclaviers.com\/atelier\/wp-content\/uploads\/2020\/05\/show_room-3-300x161.jpg 300w, https:\/\/www.lestroisclaviers.com\/atelier\/wp-content\/uploads\/2020\/05\/show_room-3-1024x551.jpg 1024w, https:\/\/www.lestroisclaviers.com\/atelier\/wp-content\/uploads\/2020\/05\/show_room-3-768x413.jpg 768w\" sizes=\"auto, (max-width: 1109px) 100vw, 1109px\" \/><div class=\"wp-block-cover__inner-container is-layout-flow wp-block-cover-is-layout-flow\">\n<p class=\"has-text-align-center\" style=\"font-size:21px\"><strong>Achat \/ Vente \/ Restauration \/ Expertise \/ Location<\/strong><\/p>\n<\/div><\/div>\n\n\n\n<div style=\"height:30px\" aria-hidden=\"true\" class=\"wp-block-spacer\"><\/div>\n","protected":false},"excerpt":{"rendered":"<p>Les Trois Claviers : un atelier de restauration de pianos modernes ou anciens, sp\u00e9cialis\u00e9 Steinway &amp; Sons. Plus de cent pianos \u00e0 queue de ce facteur restaur\u00e9s dans notre atelier! D&rsquo;autres marques font partie de notre savoir-faire comme B\u00f6sendorfer, Bechstein, Fazioli. Tous les instruments sont restaur\u00e9s avec les pi\u00e8ces d&rsquo;origine, &hellip;<\/p>\n<div class=\"wrap-excerpt-more\"><a class=\"excerpt-more\" href=\"https:\/\/www.lestroisclaviers.com\/atelier\/index.php\/latelier\/\">Read more<\/a><\/div>\n","protected":false},"author":1,"featured_media":0,"parent":0,"menu_order":0,"comment_status":"closed","ping_status":"closed","template":"","meta":{"footnotes":""},"class_list":["post-7","page","type-page","status-publish","hentry","post--no-featured-image"],"_links":{"self":[{"href":"https:\/\/www.lestroisclaviers.com\/atelier\/index.php\/wp-json\/wp\/v2\/pages\/7","targetHints":{"allow":["GET"]}}],"collection":[{"href":"https:\/\/www.lestroisclaviers.com\/atelier\/index.php\/wp-json\/wp\/v2\/pages"}],"about":[{"href":"https:\/\/www.lestroisclaviers.com\/atelier\/index.php\/wp-json\/wp\/v2\/types\/page"}],"author":[{"embeddable":true,"href":"https:\/\/www.lestroisclaviers.com\/atelier\/index.php\/wp-json\/wp\/v2\/users\/1"}],"replies":[{"embeddable":true,"href":"https:\/\/www.lestroisclaviers.com\/atelier\/index.php\/wp-json\/wp\/v2\/comments?post=7"}],"version-history":[{"count":40,"href":"https:\/\/www.lestroisclaviers.com\/atelier\/index.php\/wp-json\/wp\/v2\/pages\/7\/revisions"}],"predecessor-version":[{"id":321,"href":"https:\/\/www.lestroisclaviers.com\/atelier\/index.php\/wp-json\/wp\/v2\/pages\/7\/revisions\/321"}],"wp:attachment":[{"href":"https:\/\/www.lestroisclaviers.com\/atelier\/index.php\/wp-json\/wp\/v2\/media?parent=7"}],"curies":[{"name":"wp","href":"https:\/\/api.w.org\/{rel}","templated":true}]}}